{"id":8,"date":"2023-10-12T08:56:15","date_gmt":"2023-10-12T06:56:15","guid":{"rendered":"https:\/\/audio-illuminati.pl\/?page_id=8"},"modified":"2023-10-22T22:55:05","modified_gmt":"2023-10-22T20:55:05","slug":"8-2","status":"publish","type":"page","link":"https:\/\/audio-illuminati.pl\/?page_id=8","title":{"rendered":"Blog \/ DIY \/ Porady"},"content":{"rendered":"\n<div class=\"wp-block-group has-global-padding is-layout-constrained wp-block-group-is-layout-constrained\"><ul class=\"wp-block-latest-posts__list wp-block-latest-posts\"><li><a class=\"wp-block-latest-posts__post-title\" href=\"https:\/\/audio-illuminati.pl\/?p=1411\">wywiad z Aleksandrem Kwa\u015bniewskim<\/a><\/li>\n<li><a class=\"wp-block-latest-posts__post-title\" href=\"https:\/\/audio-illuminati.pl\/?p=1402\">Zak\u0142\u00f3cenia wysokich cz\u0119stotliwo\u015bci.<\/a><\/li>\n<li><a class=\"wp-block-latest-posts__post-title\" href=\"https:\/\/audio-illuminati.pl\/?p=1142\">B\u0119dzie nowy DAC &#8211; debe\u015bciak &#8211; aktualizacja 07\/04<\/a><\/li>\n<li><a class=\"wp-block-latest-posts__post-title\" href=\"https:\/\/audio-illuminati.pl\/?p=1383\">Sprzedam trzy przetworniki D\/A Audio Illuminati<\/a><\/li>\n<li><a class=\"wp-block-latest-posts__post-title\" href=\"https:\/\/audio-illuminati.pl\/?p=1372\">Co s\u0142ycha\u0107 u Kalickiego?<\/a><\/li>\n<\/ul><\/div>\n","protected":false},"excerpt":{"rendered":"","protected":false},"author":1,"featured_media":0,"parent":0,"menu_order":0,"comment_status":"open","ping_status":"closed","template":"blog-alternative","meta":{"footnotes":""},"class_list":["post-8","page","type-page","status-publish","hentry"],"_links":{"self":[{"href":"https:\/\/audio-illuminati.pl\/index.php?rest_route=\/wp\/v2\/pages\/8","targetHints":{"allow":["GET"]}}],"collection":[{"href":"https:\/\/audio-illuminati.pl\/index.php?rest_route=\/wp\/v2\/pages"}],"about":[{"href":"https:\/\/audio-illuminati.pl\/index.php?rest_route=\/wp\/v2\/types\/page"}],"author":[{"embeddable":true,"href":"https:\/\/audio-illuminati.pl\/index.php?rest_route=\/wp\/v2\/users\/1"}],"replies":[{"embeddable":true,"href":"https:\/\/audio-illuminati.pl\/index.php?rest_route=%2Fwp%2Fv2%2Fcomments&post=8"}],"version-history":[{"count":3,"href":"https:\/\/audio-illuminati.pl\/index.php?rest_route=\/wp\/v2\/pages\/8\/revisions"}],"predecessor-version":[{"id":152,"href":"https:\/\/audio-illuminati.pl\/index.php?rest_route=\/wp\/v2\/pages\/8\/revisions\/152"}],"wp:attachment":[{"href":"https:\/\/audio-illuminati.pl\/index.php?rest_route=%2Fwp%2Fv2%2Fmedia&parent=8"}],"curies":[{"name":"wp","href":"https:\/\/api.w.org\/{rel}","templated":true}]}}